{"id":141,"date":"2016-02-11T01:29:45","date_gmt":"2016-02-11T01:29:45","guid":{"rendered":"http:\/\/beyondlavenderhill.com\/?page_id=141"},"modified":"2016-02-11T16:00:54","modified_gmt":"2016-02-11T16:00:54","slug":"exploring-the-land-of-fire-and-ice","status":"publish","type":"page","link":"http:\/\/beyondlavenderhill.com\/?page_id=141","title":{"rendered":"Exploring the Land of Fire and Ice"},"content":{"rendered":"<p>I\u2019ll be the first to admit that flying over a volcano that\u2019s spewing red-hot fountains of molten lava hundreds of feet into the air, never made it onto my bucket list. In truth, it wasn\u2019t even a consideration. <\/p>\n<p>But as fate \u2013 or the volcano trolls \u2013 would have it, two adjacent craters in Bardarbunga, the biggest of Iceland\u2019s 30 or so volcanic systems, started to erupt two weeks before I was planning a visit. Within a week, Saga Travel, a leading Icelandic tour company, was scheduling \u2018Eruption Sightseeing Flights\u2019. Icelandic entrepreneurs, it seems, waste no time in turning eruptions into unique-opportunity tourist attractions. The chance to fly less than a half-mile above a record-breaking eruption called for an instant bucket-list edit. <\/p>\n<p>Two days after arriving in the northern town of Akureyri, along with a dozen inquisitive, thrill-seeking tourists, I boarded a small, twin-engine Otter for the 30-minute flight to Bardarbunga. We were only cleared for takeoff after a report on the latest wind direction and the level of expelled gases gave the thumbs-up. Halfway to the site, we could see the flames lighting up the horizon. Once there, the pilot made figure-eight passes above the eruption so that passengers on both sides of the plane could have photo-op sightings. We were witnessing the biggest continuous volcanic eruption at Bardarbunga in centuries \u2013 one that months later was showing no signs of letting up. <\/p>\n<p>Molten rock belched out of the ground, spraying 300 feet up into the air through enormous red flames. The flames, the pilot told us, covered a mile-long strip, while a glowing river of lava ribboned across the landscape for 10 miles. With cameras poised, we were all glued to our own little windows. \u201cDon\u2019t forget to just look,\u201d the pilot hollered at us from the cockpit. \u201cYou\u2019ll never get a better opportunity to witness the fearsome power of nature.\u201d <\/p>\n<p>But Bardarbunga wasn\u2019t the only amazing natural display that Iceland had in store for us.<\/p>\n<p>From Akureyri, the country\u2019s second largest city (population 18,000), we drove out into the countryside the next night, hoping to see the aurora borealis. It was overcast and Blackie, our driver, made no promises. \u201cWe can\u2019t order them out, like pizza,\u201d he said. But, after parking in a field and huddling for half an hour in the crisp night air, we watched as the clouds moved off as if by magic. The vast, light pollution\u2013free sky became a blaze of neon green and brilliant gold. We were treated to an awesome show in glorious technicolour. I could have watched them dance all night. Then, just as quickly as the sky had cleared, a curtain of cloud rolled in and the show ended. <\/p>\n<p>If the eruption was fearsome, the neon lights were hypnotic. Witnessing these otherworldly events, it was easy to understand why so many Icelanders believe age-old folktales that say they live among elves, trolls and hidden people. <\/p>\n<p>It\u2019s also easy to understand why the island\u2019s extreme landscape and insanely breathtaking scenery have captured the attention of filmmakers, lending the required otherworldliness to shows such as Thor: The Dark World, The Secret Life of Walter Mitty and Game of Thrones. <\/p>\n<p>Following in the footsteps of the Game of Thrones cast and crew, we drove Beyond the Wall \u2013through broody, dormant lava fields, past the frothing Strokkur Geyser and around Lake Myvatn with its eerie rock formations and nearby bubbling mud pits. We visited Godafoss, the thundering, horseshoe-shaped Waterfall of the Gods, and heard the saga of how the waterfall\u2019s name comes from the momentous occasion when, in the year 1,000, the chieftain, \u00deorgeir Lj\u00f3svetningago\u00f0i, threw idols of his pagan gods into the falls to demonstrate his conversion to Christianity.<\/p>\n<p>Whether we were flying low over the land, touring by car or horseback riding, we experienced the contrast and contradiction that is Iceland. Fire and ice; bright green mosses that thrive in stark, black fields of lava; breathtakingly beautiful scenery alongside eerie other-world vistas. <\/p>\n<p>I fell in love with the adorable Icelandic horses \u2013 small, gentle and affectionate nuzzlers with short legs, impossibly long, flowing manes and expressive eyes. Thanks to their fifth gait (the t\u00f6lt), they treat riders to the smoothest ride imaginable. <\/p>\n<p>Norwegian settlers brought the first horses to the island in the 9th century. Ancient laws restrict the import of any other breeds, so the Icelandic horse has remained pure ever since. For generations they were the only means of transportation and the essential working animal.<\/p>\n<p>Icelanders are devoted to them. Today there are 80,000 horses \u2013 an incredible number for a nation with a population of only 320,000. People keep them mainly for riding, competition and simply the pleasure of their company. <\/p>\n<p>Iceland is consistently listed among The Happiest Countries in the World. The horses may be one reason, but others include the high standard of living here and a comprehensive health-care system. Every Icelander we met talked about tight family ties and strong social bonds with friends and neighbours. The country is so safe that it is not uncommon to see babies sleeping in their strollers outside caf\u00e9s, while their parents relax inside. Even in Reykjavik, the capital city, (population 120,000) homeowners don\u2019t bother to lock their doors.<\/p>\n<p>And then there\u2019s the national ritual of communal bathing in geothermally heated pools, the world-famous Blue Lagoon near Reykjavik holding the honour of the country\u2019s number-one tourist attraction. Virtually every town in the country has one of these outdoor hot pots. They\u2019re where the locals gather in the evening to meet friends and unwind, gossiping or debating the news of the day over a beer \u2013 even on cold winter evenings when, if you\u2019re lucky, you can gaze at the northern lights. Icelanders believe this geothermal stewing is a crucial element in staying healthy.<\/p>\n<p>Iceland \u2013 it\u2019s all enough to make anyone happy.<\/p>\n<p>Cruise &#038; Travel Lifestyles <\/p>\n","protected":false},"excerpt":{"rendered":"<p>I\u2019ll be the first to admit that flying over a volcano that\u2019s spewing red-hot fountains of molten lava hundreds of feet into the air, never made it onto my bucket list. In truth, it wasn\u2019t even a consideration. But as fate \u2013 or the volcano trolls \u2013 would have it, two adjacent craters in Bardarbunga, [&hellip;]<\/p>\n","protected":false},"author":1,"featured_media":0,"parent":193,"menu_order":0,"comment_status":"closed","ping_status":"closed","template":"","meta":[],"_links":{"self":[{"href":"http:\/\/beyondlavenderhill.com\/index.php?rest_route=\/wp\/v2\/pages\/141"}],"collection":[{"href":"http:\/\/beyondlavenderhill.com\/index.php?rest_route=\/wp\/v2\/pages"}],"about":[{"href":"http:\/\/beyondlavenderhill.com\/index.php?rest_route=\/wp\/v2\/types\/page"}],"author":[{"embeddable":true,"href":"http:\/\/beyondlavenderhill.com\/index.php?rest_route=\/wp\/v2\/users\/1"}],"replies":[{"embeddable":true,"href":"http:\/\/beyondlavenderhill.com\/index.php?rest_route=%2Fwp%2Fv2%2Fcomments&post=141"}],"version-history":[{"count":1,"href":"http:\/\/beyondlavenderhill.com\/index.php?rest_route=\/wp\/v2\/pages\/141\/revisions"}],"predecessor-version":[{"id":142,"href":"http:\/\/beyondlavenderhill.com\/index.php?rest_route=\/wp\/v2\/pages\/141\/revisions\/142"}],"up":[{"embeddable":true,"href":"http:\/\/beyondlavenderhill.com\/index.php?rest_route=\/wp\/v2\/pages\/193"}],"wp:attachment":[{"href":"http:\/\/beyondlavenderhill.com\/index.php?rest_route=%2Fwp%2Fv2%2Fmedia&parent=141"}],"curies":[{"name":"wp","href":"https:\/\/api.w.org\/{rel}","templated":true}]}}