{"id":170,"date":"2016-02-11T11:57:31","date_gmt":"2016-02-11T11:57:31","guid":{"rendered":"http:\/\/beyondlavenderhill.com\/?page_id=170"},"modified":"2016-02-11T16:36:44","modified_gmt":"2016-02-11T16:36:44","slug":"quebecs-eastman-spa-puts-accent-on-healthy-living","status":"publish","type":"page","link":"http:\/\/beyondlavenderhill.com\/?page_id=170","title":{"rendered":"Quebec\u2019s Eastman Spa Puts Accent on Healthy Living"},"content":{"rendered":"<p>The first shock is the bucket of ice water in my room with a note telling me to splash the chilly contents all over myself then quickly hop into bed. That, the note says, will guarantee a good night\u2019s sleep. <\/p>\n<p>The second shock is that it works!<\/p>\n<p>The icy ritual is part of the thermotherapy program at Sap Eastman, an idyllic oasis in the lush forests and rolling mountains of Quebec\u2019s Eastern Townships. <\/p>\n<p>It\u2019s all based on the theory promoted by Bavarian naturopath Sebastian Kneipp, who discovered that extremes of cold and hot improve circulation, boost the immune system, reduce stress and regularize sleep patterns. <\/p>\n<p>But Spa Eastman is much more than just cold comfort. It\u2019s an accredited 5-star facility that for 35 years has won many awards for its cutting-edge approach to health and wellness.  I\u2019ve come here with my friends Anne and Fiona to decompress, relax for a few days and get back on track to a healthier lifestyle.  And there couldn\u2019t be a better place to start.  <\/p>\n<p>Spa Eastman, which is just an hour\u2019s drive from downtown Montreal, is a beautifully landscaped property set on 326 acres of secluded pastoral land.  Cozy cottages surround the elegant chalet-style main lodge and a Zen-like feeling of calm prevails, helped along by the freshness of the country air and the cheerful \u201cbon jour\u201d greetings from the attentive bilingual staff.<\/p>\n<p>The main building has several inviting lounges, a spacious dining room, a heated indoor pool and a steam room as well as treatment and exercise rooms. My luxuriously simple bedroom on the second floor has a jet bath, a king-size bed, a writing table and a comfy chair to curl up in beside a corner fireplace. A large private balcony, overlooking the garden pond, has an unobstructed view of Mount Orford in the distance. A large fluffy robe comes with an invitation to \u201cwear me, anytime.\u201d <\/p>\n<p>Blissfully missing?  A phone and TV.<\/p>\n<p>\u201cThere\u2019s no rushing here,\u201d says owner Jocelyna Dubuc. \u201cThe best way to unwind before dinner is10 minutes in the steam room, then 20 minutes in a lounge chair to gaze out at the garden. <\/p>\n<p>But she warns, \u201cYou may even fall asleep.\u201d  <\/p>\n<p>That\u2019s tempting although there is no shortage of things to do while you are awake. We go on anti-stress walks before our yoga sessions; stretch in warm water and take an Essentrics class with PBS-TV fitness instructor Miranda Esmonde-White. A naturopath and a kinesiology pro are also on the staff for personal consultation and there is a full array of body and beauty treatments.    <\/p>\n<p>Meals are a gourmand\u2019s delight with vegan, vegetarian, raw and carnivore options focusing on local organic foods. <\/p>\n<p>&#8220;It is simply healthy cuisine with little or no processing,\u201d says Chef K\u00e9vin B\u00e9lisle, who was awarded Chef Sant\u00e9 2013 by the Soci\u00e9t\u00e9 des Chefs Cuisiniers et P\u00e2tissiers du Qu\u00e9bec. <\/p>\n<p>Simple and healthy. That pretty much sums up the experience. Fiona marvels that she hasn\u2019t slept this well in months; Anne remarks after a walk in the woods that she\u2019s had a life-altering experience that will help her cope with an enormous challenge that once seemed insurmountable and I realize midway through a Japanese Kobido massage that my intrusive thinking voice has shut down and I\u2019m living in the present moment, something I had almost forgotten how to do. <\/p>\n<p>That\u2019s a shock too.  But a welcome one. <\/p>\n<p> Travelife July 2013<\/p>\n","protected":false},"excerpt":{"rendered":"<p>The first shock is the bucket of ice water in my room with a note telling me to splash the chilly contents all over myself then quickly hop into bed. That, the note says, will guarantee a good night\u2019s sleep. The second shock is that it works! The icy ritual is part of the thermotherapy [&hellip;]<\/p>\n","protected":false},"author":1,"featured_media":0,"parent":202,"menu_order":0,"comment_status":"closed","ping_status":"closed","template":"","meta":[],"_links":{"self":[{"href":"http:\/\/beyondlavenderhill.com\/index.php?rest_route=\/wp\/v2\/pages\/170"}],"collection":[{"href":"http:\/\/beyondlavenderhill.com\/index.php?rest_route=\/wp\/v2\/pages"}],"about":[{"href":"http:\/\/beyondlavenderhill.com\/index.php?rest_route=\/wp\/v2\/types\/page"}],"author":[{"embeddable":true,"href":"http:\/\/beyondlavenderhill.com\/index.php?rest_route=\/wp\/v2\/users\/1"}],"replies":[{"embeddable":true,"href":"http:\/\/beyondlavenderhill.com\/index.php?rest_route=%2Fwp%2Fv2%2Fcomments&post=170"}],"version-history":[{"count":1,"href":"http:\/\/beyondlavenderhill.com\/index.php?rest_route=\/wp\/v2\/pages\/170\/revisions"}],"predecessor-version":[{"id":171,"href":"http:\/\/beyondlavenderhill.com\/index.php?rest_route=\/wp\/v2\/pages\/170\/revisions\/171"}],"up":[{"embeddable":true,"href":"http:\/\/beyondlavenderhill.com\/index.php?rest_route=\/wp\/v2\/pages\/202"}],"wp:attachment":[{"href":"http:\/\/beyondlavenderhill.com\/index.php?rest_route=%2Fwp%2Fv2%2Fmedia&parent=170"}],"curies":[{"name":"wp","href":"https:\/\/api.w.org\/{rel}","templated":true}]}}